{"id":201,"date":"2020-05-04T21:12:36","date_gmt":"2020-05-04T21:12:36","guid":{"rendered":"http:\/\/sprachtherapie-nippes.koeln\/?page_id=201"},"modified":"2023-07-21T07:23:16","modified_gmt":"2023-07-21T07:23:16","slug":"201-2","status":"publish","type":"page","link":"https:\/\/sprachtherapie-nippes.koeln\/?page_id=201","title":{"rendered":"Links"},"content":{"rendered":"<p>Lichtenberger Institut f\u00fcr angewandte Stimmphysiologie<br \/>\n<a href=\"https:\/\/www.lichtenberger-institut.de\" target=\"_blank\" rel=\"noopener\">https:\/\/www.lichtenberger-institut.de<\/a><\/p>\n<p>Deutscher Bundesverband der akademischen Sprachtherapeuten<br \/>\n<a href=\"http:\/\/www.dbs-ev.de\/\" target=\"_blank\" rel=\"noopener noreferrer\">http:\/\/www.dbs-ev.de\/<\/a><\/p>\n<p>Prof. Dr. Martina Penke, Lehrstuhl f\u00fcr Psycholinguistik und Sprachpsychologie Uni K\u00f6ln<br \/>\n<a href=\"https:\/\/www.hf.uni-koeln.de\/34216\" target=\"_blank\" rel=\"noopener\">https:\/\/www.hf.uni-koeln.de\/34216<\/a><\/p>\n<p>Informationen zum DFG-gef\u00f6rderten Forschungsprojekt Spracherwerb schwerh\u00f6riger Kinder<br \/>\n<a href=\"https:\/\/spracherwerb-schwerhoerige-kinder.de\" target=\"_blank\" rel=\"noopener\">https:\/\/spracherwerb-schwerhoerige-kinder.de<\/a><\/p>\n<p>Deutsche Gesellschaft der H\u00f6rgesch\u00e4digten<br \/>\n<a href=\"https:\/\/www.deutsche-gesellschaft.de\" target=\"_blank\" rel=\"noopener\">https:\/\/www.deutsche-gesellschaft.de<\/a><\/p>\n<p>Bundesverband Aphasie<br \/>\n<a href=\"https:\/\/aphasiker.de\" target=\"_blank\" rel=\"noopener\">https:\/\/aphasiker.de<\/a><\/p>\n<p>LSVT\u00ae Lee Silverman Voice Training<br \/>\n<a href=\"http:\/\/www.lsvt.de\">http:\/\/www.lsvt.de<\/a><\/p>\n<p>K\u00f6lner Parkinson Netzwerk<br \/>\n<a href=\"https:\/\/neurologie.uk-koeln.de\/klinik\/koelner-parkinson-netzwerk\/\" target=\"_blank\" rel=\"noopener\">https:\/\/neurologie.uk-koeln.de\/klinik\/koelner-parkinson-netzwerk\/<\/a><\/p>\n<p>Bundesvereinigung Stottern &amp; Selbsthilfe e.V.<br \/>\n<a href=\"https:\/\/www.selbsthilfe-stottern.de\/bvss\/\" target=\"_blank\" rel=\"noopener\">https:\/\/www.selbsthilfe-stottern.de\/bvss\/<\/a><\/p>\n<p>HNO Cologne &#8211; Dr. Jan-Henning Lemke<br \/>\n<a href=\"https:\/\/www.hnocologne.de\" target=\"_blank\" rel=\"noopener\">https:\/\/www.hnocologne.de<\/a><\/p>\n<p>Klangstimme &#8211; Logop\u00e4die &amp; Stimmbildung D\u00f6rte Krahl-St\u00fcsser, Aachen<br \/>\n<a href=\"http:\/\/www.klangstimme.com\" target=\"_blank\" rel=\"noopener\">www.klangstimme.com<\/a><\/p>\n<p>Praxis f\u00fcr Sprachtherapie Tatjana Tolkmit, D\u00fcren<br \/>\n<a href=\"https:\/\/sprachtherapie-d\u00fcren.de\" target=\"_blank\" rel=\"noopener\">www.sprachtherapie-d\u00fcren.de<\/a><\/p>\n<p>Elmar Stollenwerk &#8211; Gedichte und Texte<br \/>\n<a href=\"https:\/\/contextus-werbung.de\/\">www.contextus-werbung.de<\/a><\/p>\n","protected":false},"excerpt":{"rendered":"<p>Lichtenberger Institut f\u00fcr angewandte Stimmphysiologie https:\/\/www.lichtenberger-institut.de Deutscher Bundesverband der akademischen Sprachtherapeuten http:\/\/www.dbs-ev.de\/ Prof. Dr. Martina Penke, Lehrstuhl f\u00fcr Psycholinguistik und Sprachpsychologie Uni K\u00f6ln https:\/\/www.hf.uni-koeln.de\/34216 Informationen zum<span class=\"excerpt-hellip\"> [\u2026]<\/span><\/p>\n","protected":false},"author":1,"featured_media":0,"parent":0,"menu_order":0,"comment_status":"closed","ping_status":"closed","template":"","meta":{"footnotes":""},"class_list":["post-201","page","type-page","status-publish","hentry"],"_links":{"self":[{"href":"https:\/\/sprachtherapie-nippes.koeln\/index.php?rest_route=\/wp\/v2\/pages\/201","targetHints":{"allow":["GET"]}}],"collection":[{"href":"https:\/\/sprachtherapie-nippes.koeln\/index.php?rest_route=\/wp\/v2\/pages"}],"about":[{"href":"https:\/\/sprachtherapie-nippes.koeln\/index.php?rest_route=\/wp\/v2\/types\/page"}],"author":[{"embeddable":true,"href":"https:\/\/sprachtherapie-nippes.koeln\/index.php?rest_route=\/wp\/v2\/users\/1"}],"replies":[{"embeddable":true,"href":"https:\/\/sprachtherapie-nippes.koeln\/index.php?rest_route=%2Fwp%2Fv2%2Fcomments&post=201"}],"version-history":[{"count":0,"href":"https:\/\/sprachtherapie-nippes.koeln\/index.php?rest_route=\/wp\/v2\/pages\/201\/revisions"}],"wp:attachment":[{"href":"https:\/\/sprachtherapie-nippes.koeln\/index.php?rest_route=%2Fwp%2Fv2%2Fmedia&parent=201"}],"curies":[{"name":"wp","href":"https:\/\/api.w.org\/{rel}","templated":true}]}}