{"id":2,"date":"2016-05-10T03:48:21","date_gmt":"2016-05-10T03:48:21","guid":{"rendered":"http:\/\/sprachtherapie-nippes.koeln\/?page_id=2"},"modified":"2020-05-24T23:08:11","modified_gmt":"2020-05-24T23:08:11","slug":"sample-page","status":"publish","type":"page","link":"https:\/\/sprachtherapie-nippes.koeln\/?page_id=2","title":{"rendered":"Ver\u00f6ffentlichungen"},"content":{"rendered":"<p><strong>Therapiematerial:<\/strong><\/p>\n<p><strong>TraFiK &#8211; Ein Programm zum Training finaler Konsonanten\u00a0<\/strong><br \/>\nvon Martina Penke, Monika Rothweiler,<span class=\"apple-converted-space\">\u00a0<\/span><strong>Franziska Stollenwerk<\/strong><span class=\"apple-converted-space\">\u00a0<\/span>und Anna Westerkamp<\/p>\n<p><img loading=\"lazy\" decoding=\"async\" class=\"size-medium wp-image-225 alignleft\" src=\"https:\/\/sprachtherapie-nippes.koeln\/wp-content\/uploads\/2020\/05\/TRaFiK-1-213x300.jpg\" alt=\"\" width=\"213\" height=\"300\" srcset=\"https:\/\/sprachtherapie-nippes.koeln\/wp-content\/uploads\/2020\/05\/TRaFiK-1-213x300.jpg 213w, https:\/\/sprachtherapie-nippes.koeln\/wp-content\/uploads\/2020\/05\/TRaFiK-1-103x146.jpg 103w, https:\/\/sprachtherapie-nippes.koeln\/wp-content\/uploads\/2020\/05\/TRaFiK-1-35x50.jpg 35w, https:\/\/sprachtherapie-nippes.koeln\/wp-content\/uploads\/2020\/05\/TRaFiK-1-53x75.jpg 53w, https:\/\/sprachtherapie-nippes.koeln\/wp-content\/uploads\/2020\/05\/TRaFiK-1.jpg 438w\" sizes=\"auto, (max-width:767px) 213px, 213px\" \/><\/p>\n<p>In einem von der Deutschen Forschungsgemeinschaft (DFG) gef\u00f6rderten Forschungsprojekt haben Prof. Dr. Martina Penke (Uni K\u00f6ln) und Prof. Dr. Monika Rothweiler (Uni Bremen) zusammen mit Prof. Dr. Markus Hess (UKE Hamburg-Eppendorf) \u00fcber 6 Jahre den Spracherwerb h\u00f6rgesch\u00e4digter Kinder untersucht. Aus den im Projekt erzielten Ergebnissen leiten sich konkrete Anhaltspunkte f\u00fcr die therapeutische Praxis ab. Diese wurden mit dem Therapieprogramm TraFiK \u2013 Training finaler Konsonanten umgesetzt.<\/p>\n<p>TraFiK besteht aus einem Therapiemodell und konkretem Therapiematerial, das in 3 Therapieebenen und verschiedene Schwierigkeitslevel gegliedert ist. Es trainiert Wahrnehmung und Produktion der wortfinalen Konsonanten \/n\/, \/t\/ und \/s\/ im Stamm von Nomen und in ihrer Funktion als Verbmarkierung auf drei Therapieebenen und verschiedenen Schwierigkeitslevels. Zielsetzung des Programms ist die Erarbeitung der Subjekt-Verb-Kongruenz.\u00a0Das Handbuch enth\u00e4lt neben wissenschaftlichen Hintergrundinformationen umfangreiches Therapiematerial, praxisorientierte Spielvorschl\u00e4ge sowie ein Screening zur Feststellung des Therapieeinstiegslevels und des Therapiefortschritts. TraFiK erscheint im Mai 2020 im Prolog Verlag K\u00f6ln:<span class=\"apple-converted-space\">\u00a0<\/span><a href=\"https:\/\/www.prolog-shop.de\/shop\/kindliche-sprachentwicklung-und-sprachentwicklungsstoerungen\/lesenschreibenrechnen\/phonologische-bewusstheit\/6136\/trafik-das-handbuch-zum-therapieprogramm-training-finaler-konsonanten-subskriptionsrabatt-bis-zum-erscheinungstermin-vorauss.-fruehjahr-?sPartner=mai20-2\">TraFiK &#8211; Das Handbuch zum Therapieprogramm Training finaler<\/a><a href=\"https:\/\/www.prolog-shop.de\/shop\/kindliche-sprachentwicklung-und-sprachentwicklungsstoerungen\/lesenschreibenrechnen\/phonologische-bewusstheit\/6136\/trafik-das-handbuch-zum-therapieprogramm-training-finaler-konsonanten-subskriptionsrabatt-bis-zum-erscheinungstermin-vorauss.-fruehjahr-?sPartner=mai20-2\"><span class=\"apple-converted-space\">\u00a0<\/span>Konsonanten<span class=\"apple-converted-space\">\u00a0<\/span><\/a><\/p>\n<p>Weitere Informationen zum Handbuch TraFiK Training finaler Konsonanten finden sie<span class=\"apple-converted-space\">\u00a0<\/span><a href=\"https:\/\/www.hf.uni-koeln.de\/40831\">hier<\/a><\/p>\n<p>&nbsp;<\/p>\n<p><strong>Drachenwald &#8211; Das Spiel zum Therapieprogramm TraFiK Training finaler Konsonanten<\/strong><br \/>\nvon Martina Penke, Monika Rothweiler, <strong>Franziska Stollenwerk<\/strong> und Anna Westerkamp<\/p>\n<p>Das Therapiespiel Drachenwald ist ein Brettspiel, das die Ziele von <a href=\"https:\/\/www.hf.uni-koeln.de\/40831\">TraFiK Training finaler Konsonanten<\/a> (Penke, Rothweiler, Stollenwerk &amp; Westerkamp, 2020) aufgreift und insbesondere f\u00fcr die Therapie h\u00f6rgesch\u00e4digter Kinder entwickelt wurde.<\/p>\n<p><img loading=\"lazy\" decoding=\"async\" class=\"wp-image-223 alignright\" src=\"https:\/\/sprachtherapie-nippes.koeln\/wp-content\/uploads\/2020\/05\/Drachenwald-300x188.jpg\" alt=\"\" width=\"373\" height=\"234\" srcset=\"https:\/\/sprachtherapie-nippes.koeln\/wp-content\/uploads\/2020\/05\/Drachenwald-300x188.jpg 300w, https:\/\/sprachtherapie-nippes.koeln\/wp-content\/uploads\/2020\/05\/Drachenwald-233x146.jpg 233w, https:\/\/sprachtherapie-nippes.koeln\/wp-content\/uploads\/2020\/05\/Drachenwald-50x31.jpg 50w, https:\/\/sprachtherapie-nippes.koeln\/wp-content\/uploads\/2020\/05\/Drachenwald-120x75.jpg 120w, https:\/\/sprachtherapie-nippes.koeln\/wp-content\/uploads\/2020\/05\/Drachenwald.jpg 674w\" sizes=\"auto, (max-width:767px) 373px, 373px\" \/><\/p>\n<p>Mit fr\u00f6hlichen und kindgerechten Illustrationen bietet dieses gro\u00dfe Brettspiel vier strukturierte und aufeinander aufbauende Spielabl\u00e4ufe f\u00fcr Kinder ab 4 Jahren.\u00a0Mal haben die Drachen ihren Drachenlaut (\/n, \/t\/, \/s\/ und \/st\/) oder den Weg zu ihren H\u00f6hlen und zu ihren Familien vergessen, mal hat ihnen ein Sturm\u00a0allerlei\u00a0Gegenst\u00e4nde durch den Wald gewirbelt und dann \u00fcben sie sich noch \u2013 allein oder zu zweit \u2013 in den verschiedensten Aktivit\u00e4ten. Immer aber sind sie \u2013 gemeinsam mit den Mitspielern \u2013 auf der Suche nach ihrem Drachenlaut. In entwicklungsorientierten Schritten erm\u00f6glicht das Spiel die Erarbeitung der flexionsrelevanten Ziellaute \/n\/, \/t\/ und \/s\/ auf Lautebene (Spiel 1), in silbenfinaler (Spiel 2) und wortfinaler Position (Spiel 3) und f\u00fchrt letztlich hin zum Aufbau Subjekt-Verb-Kongruenz (Spiel 4).<\/p>\n<p>Das Therapiespiel ist im Mai 2020 im Prolog Verlag K\u00f6ln erschienen: <a href=\"https:\/\/www.prolog-shop.de\/shop\/kindliche-sprachentwicklung-und-sprachentwicklungsstoerungen\/lesenschreibenrechnen\/phonologische-bewusstheit\/6135\/drachenwald\">Drachenwald<\/a>. Weitere Informationen zum Therapiespiel Drachenwald finden sie <a href=\"https:\/\/www.hf.uni-koeln.de\/40831\">hier<\/a>.<\/p>\n<p><strong>Artikel in\u00a0Fachzeitschriften:<\/strong><\/p>\n<p>Dolscheid Sarah, <strong>Schleussinger, Franziska<\/strong> &amp; Martina Penke (2019): When one can be two: Cross-linguistic differences affect children&#8217;s interpretation of the numeral one, Journal of Numerical Cognition, 5(3): 301-313.<a href=\"https:\/\/jnc.psychopen.eu\/article\/view\/199\"> https:\/\/doi.org\/10.5964\/jnc.v5i3.199.\u00a0<\/a><\/p>\n<p>Dolscheid, Sarah, <strong>Schleussinger, Franziska<\/strong> &amp; Martina Penke (2019): Supplementary materials to &#8222;When &#8222;one&#8220; can be &#8222;two&#8220;: Cross-linguistic differences affect children&#8217;s interpretation of the numeral one&#8220;. PsychOpen. <a href=\"https:\/\/www.psycharchives.org\/handle\/20.500.12034\/2278\">https:\/\/doi.org\/10.23668\/psycharchives.2663\u00a0<\/a><\/p>\n<p>&nbsp;<\/p>\n","protected":false},"excerpt":{"rendered":"<p>Therapiematerial: TraFiK &#8211; Ein Programm zum Training finaler Konsonanten\u00a0 von Martina Penke, Monika Rothweiler,\u00a0Franziska Stollenwerk\u00a0und Anna Westerkamp In einem von der Deutschen Forschungsgemeinschaft (DFG) gef\u00f6rderten Forschungsprojekt<span class=\"excerpt-hellip\"> [\u2026]<\/span><\/p>\n","protected":false},"author":1,"featured_media":0,"parent":0,"menu_order":0,"comment_status":"closed","ping_status":"closed","template":"","meta":{"footnotes":""},"class_list":["post-2","page","type-page","status-publish","hentry"],"_links":{"self":[{"href":"https:\/\/sprachtherapie-nippes.koeln\/index.php?rest_route=\/wp\/v2\/pages\/2","targetHints":{"allow":["GET"]}}],"collection":[{"href":"https:\/\/sprachtherapie-nippes.koeln\/index.php?rest_route=\/wp\/v2\/pages"}],"about":[{"href":"https:\/\/sprachtherapie-nippes.koeln\/index.php?rest_route=\/wp\/v2\/types\/page"}],"author":[{"embeddable":true,"href":"https:\/\/sprachtherapie-nippes.koeln\/index.php?rest_route=\/wp\/v2\/users\/1"}],"replies":[{"embeddable":true,"href":"https:\/\/sprachtherapie-nippes.koeln\/index.php?rest_route=%2Fwp%2Fv2%2Fcomments&post=2"}],"version-history":[{"count":0,"href":"https:\/\/sprachtherapie-nippes.koeln\/index.php?rest_route=\/wp\/v2\/pages\/2\/revisions"}],"wp:attachment":[{"href":"https:\/\/sprachtherapie-nippes.koeln\/index.php?rest_route=%2Fwp%2Fv2%2Fmedia&parent=2"}],"curies":[{"name":"wp","href":"https:\/\/api.w.org\/{rel}","templated":true}]}}