{"id":185,"date":"2020-05-04T20:15:47","date_gmt":"2020-05-04T20:15:47","guid":{"rendered":"http:\/\/sprachtherapie-nippes.koeln\/?page_id=185"},"modified":"2022-08-22T17:42:44","modified_gmt":"2022-08-22T17:42:44","slug":"praxis","status":"publish","type":"page","link":"https:\/\/sprachtherapie-nippes.koeln\/","title":{"rendered":"Praxis"},"content":{"rendered":"<p><strong>Herzlich Willkommen auf den Seiten meiner Praxis f\u00fcr Sprachtherapie in K\u00f6ln &#8211; Nippes!<\/strong><\/p>\n<p>Sie suchen einen Therapieplatz f\u00fcr sich, Ihr Kind oder einen Angeh\u00f6rigen? In meiner Praxis werden Kinder, Jugendliche und Erwachsene mit Sprach-, Sprech-, Stimm- und Schluckst\u00f6rungen behandelt, bei Bedarf f\u00fchre ich auch Hausbesuche durch.<\/p>\n<p>Das Leistungsspektrum meiner Praxis umfasst die Diagnostik und Therapie von Sprach-, Sprech-, Stimm- und Schluckst\u00f6rungen. Ein Schwerpunkt liegt auf der Behandlung von Stimmst\u00f6rungen. Dar\u00fcber hinaus habe ich viel Erfahrung in der Therapie von neurologischen St\u00f6rungen wie Aphasien, \u00a0Sprechapraxien und Dysarthrien (z.B. nach Schlaganfall, bei \u00a0Morbus Parkinson oder Multiple Sklerose) und in der Behandlung von Sprachentwicklungsst\u00f6rungen bei Kindern.<\/p>\n<p>In den R\u00e4umlichkeiten Viersener Str. 2 befinden sich zwei weitere sprachtherapeutische Praxen, mit denen ich eng zusammenarbeite. Meine Kollegin <a href=\"https:\/\/www.sprachtherapie-nippes.de\/ueber-uns.html\">Andrea Boos-Kalkan<\/a> deckt hier insbesondere den Schwerpunkt der Sprachentwicklungsst\u00f6rungen bei zwei- oder mehrsprachiger Erziehung ab (auch t\u00fcrkischsprachige Therapie m\u00f6glich), meine Kollegin <a href=\"https:\/\/sprachtherapie-koenn.de\">Pia Maria K\u00f6nn<\/a> den Schwerpunkt der myofunktionellen St\u00f6rungen, zudem ber\u00e4t sie bei LRS Lese-Rechtschreibst\u00f6rungen.<\/p>\n<p>Nehmen Sie einfach<a href=\"https:\/\/sprachtherapie-nippes.koeln\/?page_id=193\"> Kontakt<\/a> auf, wenn Sie Fragen haben und\/oder einen Termin vereinbaren m\u00f6chten. Ich freue mich auf Sie!<\/p>\n<p>Ihre<br \/>\nFranziska Stollenwerk<\/p>\n","protected":false},"excerpt":{"rendered":"<p>Herzlich Willkommen auf den Seiten meiner Praxis f\u00fcr Sprachtherapie in K\u00f6ln &#8211; Nippes! Sie suchen einen Therapieplatz f\u00fcr sich, Ihr Kind oder einen Angeh\u00f6rigen? In meiner<span class=\"excerpt-hellip\"> [\u2026]<\/span><\/p>\n","protected":false},"author":1,"featured_media":0,"parent":0,"menu_order":0,"comment_status":"closed","ping_status":"closed","template":"","meta":{"footnotes":""},"class_list":["post-185","page","type-page","status-publish","hentry"],"_links":{"self":[{"href":"https:\/\/sprachtherapie-nippes.koeln\/index.php?rest_route=\/wp\/v2\/pages\/185","targetHints":{"allow":["GET"]}}],"collection":[{"href":"https:\/\/sprachtherapie-nippes.koeln\/index.php?rest_route=\/wp\/v2\/pages"}],"about":[{"href":"https:\/\/sprachtherapie-nippes.koeln\/index.php?rest_route=\/wp\/v2\/types\/page"}],"author":[{"embeddable":true,"href":"https:\/\/sprachtherapie-nippes.koeln\/index.php?rest_route=\/wp\/v2\/users\/1"}],"replies":[{"embeddable":true,"href":"https:\/\/sprachtherapie-nippes.koeln\/index.php?rest_route=%2Fwp%2Fv2%2Fcomments&post=185"}],"version-history":[{"count":0,"href":"https:\/\/sprachtherapie-nippes.koeln\/index.php?rest_route=\/wp\/v2\/pages\/185\/revisions"}],"wp:attachment":[{"href":"https:\/\/sprachtherapie-nippes.koeln\/index.php?rest_route=%2Fwp%2Fv2%2Fmedia&parent=185"}],"curies":[{"name":"wp","href":"https:\/\/api.w.org\/{rel}","templated":true}]}}